{"id":117,"date":"2017-05-03T07:48:10","date_gmt":"2017-05-03T07:48:10","guid":{"rendered":"http:\/\/www.oliodellanonna.ch\/?page_id=117"},"modified":"2025-04-29T06:41:58","modified_gmt":"2025-04-29T04:41:58","slug":"benvenuti","status":"publish","type":"page","link":"https:\/\/www.oliodellanonna.ch\/","title":{"rendered":"Benvenuti"},"content":{"rendered":"<p>Willkommen bei Olio della nonna!<\/p>\n<p>Nach knapp 20 j\u00e4hriger T\u00e4tigkeit haben wir uns entschlossen den Vertrieb unseres Olio della nonna nicht weiterzuf\u00fchren.<\/p>\n<p>Es war f\u00fcr uns eine spannende Zeit und wir danken allen Kunden f\u00fcr das <span style=\"font-size: 1rem;\">Vertrauen.<\/span><\/p>\n<p>Gerne unterst\u00fctzen wir Sie bei der Suche nach einer hochwertigen Alternative.<\/p>\n<p>Famiglia Tummarello<\/p>\n","protected":false},"excerpt":{"rendered":"<p>Willkommen bei Olio della nonna! Nach knapp 20 j\u00e4hriger T\u00e4tigkeit haben wir uns entschlossen den Vertrieb unseres Olio della nonna nicht weiterzuf\u00fchren. Es war f\u00fcr uns eine spannende Zeit und wir danken allen Kunden f\u00fcr das Vertrauen. Gerne unterst\u00fctzen wir Sie bei der Suche nach einer hochwertigen Alternative. Famiglia Tummarello<\/p>\n","protected":false},"author":1,"featured_media":0,"parent":0,"menu_order":0,"comment_status":"closed","ping_status":"closed","template":"","meta":{"footnotes":""},"class_list":["post-117","page","type-page","status-publish","hentry"],"_links":{"self":[{"href":"https:\/\/www.oliodellanonna.ch\/index.php?rest_route=\/wp\/v2\/pages\/117","targetHints":{"allow":["GET"]}}],"collection":[{"href":"https:\/\/www.oliodellanonna.ch\/index.php?rest_route=\/wp\/v2\/pages"}],"about":[{"href":"https:\/\/www.oliodellanonna.ch\/index.php?rest_route=\/wp\/v2\/types\/page"}],"author":[{"embeddable":true,"href":"https:\/\/www.oliodellanonna.ch\/index.php?rest_route=\/wp\/v2\/users\/1"}],"replies":[{"embeddable":true,"href":"https:\/\/www.oliodellanonna.ch\/index.php?rest_route=%2Fwp%2Fv2%2Fcomments&post=117"}],"version-history":[{"count":7,"href":"https:\/\/www.oliodellanonna.ch\/index.php?rest_route=\/wp\/v2\/pages\/117\/revisions"}],"predecessor-version":[{"id":528,"href":"https:\/\/www.oliodellanonna.ch\/index.php?rest_route=\/wp\/v2\/pages\/117\/revisions\/528"}],"wp:attachment":[{"href":"https:\/\/www.oliodellanonna.ch\/index.php?rest_route=%2Fwp%2Fv2%2Fmedia&parent=117"}],"curies":[{"name":"wp","href":"https:\/\/api.w.org\/{rel}","templated":true}]}}